{"id":11327,"date":"2020-09-14T11:56:02","date_gmt":"2020-09-14T09:56:02","guid":{"rendered":"https:\/\/szslucnalc.sk\/?page_id=11327"},"modified":"2022-10-27T13:23:25","modified_gmt":"2022-10-27T11:23:25","slug":"erasmus-2020-21","status":"publish","type":"page","link":"https:\/\/szslucnalc.sk\/?page_id=11327","title":{"rendered":"Erasmus+ 2020-21"},"content":{"rendered":"\n<h2 class=\"wp-block-heading\"><strong>Erasmus 2020 \u2013 2021<\/strong><\/h2>\n\n\n\n<p>Erasmus + vzdel\u00e1vacia mobilita jednotlivcov<\/p>\n\n\n\n<h2 class=\"wp-block-heading\">KA101 &#8211; Mobilita pracovn\u00edkov v oblasti \u0161kolsk\u00e9ho vzdel\u00e1vania<\/h2>\n\n\n\n<p>N\u00e1zov : <strong>Integr\u00e1cia CLIL do vzdel\u00e1vania<\/strong><\/p>\n\n\n\n<p>Celkov\u00e9 trvanie projektu : 12 mesiacov (1. 9. 2020 \u2013 31. 8. 2021)<\/p>\n\n\n\n<p>Po\u010det \u00fa\u010dastn\u00edkov : 7 (pedagogick\u00ed zamestnanci)<\/p>\n\n\n\n<p>V\u00fd\u0161ka grantu : 11 175 \u20ac<\/p>\n\n\n\n<p><strong>Prij\u00edmaj\u00faca organiz\u00e1cia :<\/strong><\/p>\n\n\n\n<p>Communicate School, Manchester, Spojen\u00e9 Kr\u00e1\u013eovstvo<\/p>\n\n\n\n<p>Dialoge &#8211; Bodensee Sprachschule GmbH \u2013 Lindau (Bodensee),&nbsp; Nemecko<\/p>\n\n\n\n<p><strong>Aktivity :<\/strong><\/p>\n\n\n\n<p>Mobilita v sebe zah\u0155\u0148a tieto aktivity:<\/p>\n\n\n\n<p>1. \u0160trukt\u00farovan\u00e9 kurzy: obozn\u00e1menie sa s metodikou CLIL &#8211; z\u00edskanie nov\u00fdch teoretick\u00fdch vedomost\u00ed a praktick\u00fdch sk\u00fasenost\u00ed, zvy\u0161ovanie kvalifik\u00e1cie v oblasti aplikovania inovat\u00edvnych met\u00f3d do v\u00fdchovno-vzdel\u00e1vacieho procesu, rozv\u00edjanie komunika\u010dn\u00fdch zru\u010dnost\u00ed, interkultur\u00e1lny pr\u00edstup, celkov\u00fd n\u00e1rast kompetenci\u00ed u\u010dite\u013eov<\/p>\n\n\n\n<p>2. Konzult\u00e1cie a diskusia s odborn\u00edkmi &#8211; mo\u017enos\u0165 otvorene komunikova\u0165 o r\u00f4znych mo\u017enostiach aplikovania met\u00f3d do vzdel\u00e1vacieho procesu, prezentova\u0165 vlastn\u00e9 n\u00e1pady, odborn\u00e1 pr\u00edprava, individu\u00e1lny pr\u00edstup<\/p>\n\n\n\n<p>3. V\u00fdmena sk\u00fasenost\u00ed s in\u00fdmi \u00fa\u010dastn\u00edkmi &#8211; vytv\u00e1ranie a nadv\u00e4zovanie kontaktov<\/p>\n\n\n\n<p>4. Rozvoj osobnosti &#8211; z\u00edskanie \u0161ir\u0161ieho rozh\u013eadu a sk\u00fasenost\u00ed, spozn\u00e1vanie nov\u00fdch kult\u00far, ich re\u0161pektovanie a odstra\u0148ovanie bari\u00e9r<\/p>\n\n\n\n<p>5. Pozorovanie pr\u00e1ce lektorov &#8211; mo\u017enos\u0165 osvojenia r\u00f4znych pr\u00edstupov v procese u\u010denia<\/p>\n\n\n\n<p>6. Rozvoj jazykov\u00fdch zru\u010dnost\u00ed &#8211; z\u00edskanie nov\u00fdch kompetenci\u00ed , zlep\u0161enie komunika\u010dnej \u00farovne v anglickom a v nemeckom jazyku<\/p>\n\n\n\n<p><\/p>\n\n\n<p><iframe loading=\"lazy\" src=\"https:\/\/onedrive.live.com\/embed?cid=B39DB36489B1162C&amp;resid=B39DB36489B1162C%21170167&amp;authkey=AK2V--bJGxS0UCY&amp;em=2&amp;wdAr=1.7777777777777777\" width=\"500px\" height=\"340px\" frameborder=\"0\">This is an embedded <a target=\"_blank\" href=\"https:\/\/office.com\" rel=\"noopener\">Microsoft Office<\/a> presentation, powered by <a target=\"_blank\" href=\"https:\/\/office.com\/webapps\" rel=\"noopener\">Office<\/a>.<\/iframe><\/p>\n<p><iframe loading=\"lazy\" src=\"https:\/\/onedrive.live.com\/embed?cid=B39DB36489B1162C&amp;resid=B39DB36489B1162C%21167729&amp;authkey=ACWZl3de9OHDzJE&amp;em=2&amp;wdAr=1.7777777777777777\" width=\"500px\" height=\"340px\" frameborder=\"0\">This is an embedded <a target=\"_blank\" href=\"https:\/\/office.com\" rel=\"noopener\">Microsoft Office<\/a> presentation, powered by <a target=\"_blank\" href=\"https:\/\/office.com\/webapps\" rel=\"noopener\">Office<\/a>.<\/iframe><\/p>","protected":false},"excerpt":{"rendered":"<p>Erasmus 2020 &ndash; 2021 Erasmus + vzdel&aacute;vacia mobilita jednotlivcov KA101 &ndash; Mobilita pracovn&iacute;kov v oblasti &scaron;kolsk&eacute;ho vzdel&aacute;vania N&aacute;zov : Integr&aacute;cia CLIL do vzdel&aacute;vania Celkov&eacute; trvanie projektu<span class=\"excerpt-hellip\"> [\u2026]<\/span><\/p>\n","protected":false},"author":2,"featured_media":0,"parent":0,"menu_order":0,"comment_status":"closed","ping_status":"closed","template":"","meta":{"footnotes":""},"class_list":["post-11327","page","type-page","status-publish","hentry"],"aioseo_notices":[],"_links":{"self":[{"href":"https:\/\/szslucnalc.sk\/index.php?rest_route=\/wp\/v2\/pages\/11327","targetHints":{"allow":["GET"]}}],"collection":[{"href":"https:\/\/szslucnalc.sk\/index.php?rest_route=\/wp\/v2\/pages"}],"about":[{"href":"https:\/\/szslucnalc.sk\/index.php?rest_route=\/wp\/v2\/types\/page"}],"author":[{"embeddable":true,"href":"https:\/\/szslucnalc.sk\/index.php?rest_route=\/wp\/v2\/users\/2"}],"replies":[{"embeddable":true,"href":"https:\/\/szslucnalc.sk\/index.php?rest_route=%2Fwp%2Fv2%2Fcomments&post=11327"}],"version-history":[{"count":9,"href":"https:\/\/szslucnalc.sk\/index.php?rest_route=\/wp\/v2\/pages\/11327\/revisions"}],"predecessor-version":[{"id":18558,"href":"https:\/\/szslucnalc.sk\/index.php?rest_route=\/wp\/v2\/pages\/11327\/revisions\/18558"}],"wp:attachment":[{"href":"https:\/\/szslucnalc.sk\/index.php?rest_route=%2Fwp%2Fv2%2Fmedia&parent=11327"}],"curies":[{"name":"wp","href":"https:\/\/api.w.org\/{rel}","templated":true}]}}