{"id":12232,"date":"2021-04-07T11:25:35","date_gmt":"2021-04-07T09:25:35","guid":{"rendered":"https:\/\/szslucnalc.sk\/?page_id=12232"},"modified":"2021-04-07T12:42:02","modified_gmt":"2021-04-07T10:42:02","slug":"test-ulohy","status":"publish","type":"page","link":"https:\/\/szslucnalc.sk\/?page_id=12232","title":{"rendered":"ULOHY"},"content":{"rendered":"<script type=\"text\/javascript\">var gform;gform||(document.addEventListener(\"gform_main_scripts_loaded\",function(){gform.scriptsLoaded=!0}),window.addEventListener(\"DOMContentLoaded\",function(){gform.domLoaded=!0}),gform={domLoaded:!1,scriptsLoaded:!1,initializeOnLoaded:function(o){gform.domLoaded&&gform.scriptsLoaded?o():!gform.domLoaded&&gform.scriptsLoaded?window.addEventListener(\"DOMContentLoaded\",o):document.addEventListener(\"gform_main_scripts_loaded\",o)},hooks:{action:{},filter:{}},addAction:function(o,n,r,t){gform.addHook(\"action\",o,n,r,t)},addFilter:function(o,n,r,t){gform.addHook(\"filter\",o,n,r,t)},doAction:function(o){gform.doHook(\"action\",o,arguments)},applyFilters:function(o){return gform.doHook(\"filter\",o,arguments)},removeAction:function(o,n){gform.removeHook(\"action\",o,n)},removeFilter:function(o,n,r){gform.removeHook(\"filter\",o,n,r)},addHook:function(o,n,r,t,i){null==gform.hooks[o][n]&&(gform.hooks[o][n]=[]);var e=gform.hooks[o][n];null==i&&(i=n+\"_\"+e.length),gform.hooks[o][n].push({tag:i,callable:r,priority:t=null==t?10:t})},doHook:function(n,o,r){var t;if(r=Array.prototype.slice.call(r,1),null!=gform.hooks[n][o]&&((o=gform.hooks[n][o]).sort(function(o,n){return o.priority-n.priority}),o.forEach(function(o){\"function\"!=typeof(t=o.callable)&&(t=window[t]),\"action\"==n?t.apply(null,r):r[0]=t.apply(null,r)})),\"filter\"==n)return r[0]},removeHook:function(o,n,t,i){var r;null!=gform.hooks[o][n]&&(r=(r=gform.hooks[o][n]).filter(function(o,n,r){return!!(null!=i&&i!=o.tag||null!=t&&t!=o.priority)}),gform.hooks[o][n]=r)}});<\/script>\n                <div class='gf_browser_gecko gform_wrapper gform_legacy_markup_wrapper gform-theme--no-framework' data-form-theme='legacy' data-form-index='0' id='gform_wrapper_32' >\n                        <div class='gform_heading'>\n                            <h3 class=\"gform_title\">Poziadavky &#8211; spravca siete<\/h3>\n                            <p class='gform_description'>spracovanie poziadaviek<\/p>\n                        <\/div><form method='post' enctype='multipart\/form-data'  id='gform_32'  action='\/index.php?rest_route=%2Fwp%2Fv2%2Fpages%2F12232' data-formid='32' novalidate>\n                        <div class='gform-body gform_body'><ul id='gform_fields_32' class='gform_fields top_label form_sublabel_below description_below'><li id=\"field_32_4\"  class=\"gfield gfield--type-date gfield--input-type-datepicker gfield--datepicker-no-icon field_sublabel_below gfield--no-description field_description_below gfield_visibility_visible\"  data-js-reload=\"field_32_4\"><label class='gfield_label gform-field-label' for='input_32_4' >D\u00e1tum zadania<\/label><div class='ginput_container ginput_container_date'>\n                            <input name='input_4' id='input_32_4' type='text' value='' class='datepicker gform-datepicker mdy datepicker_no_icon gdatepicker-no-icon'   placeholder='dd.mm.yyyy' aria-describedby=\"input_32_4_date_format\" aria-invalid=\"false\" \/>\n                            <span id='input_32_4_date_format' class='screen-reader-text'>MM lomeno DD lomeno RRRR<\/span>\n                        <\/div>\n                        <input type='hidden' id='gforms_calendar_icon_input_32_4' class='gform_hidden' value='https:\/\/szslucnalc.sk\/wp-content\/plugins\/gravityforms\/images\/datepicker\/datepicker.svg'\/><\/li><li id=\"field_32_1\"  class=\"gfield gfield--type-text field_sublabel_below gfield--no-description field_description_below gfield_visibility_visible\"  data-js-reload=\"field_32_1\"><label class='gfield_label gform-field-label' for='input_32_1' >Meno<\/label><div class='ginput_container ginput_container_text'><input name='input_1' id='input_32_1' type='text' value='' class='medium'      aria-invalid=\"false\"   \/> <\/div><\/li><li id=\"field_32_2\"  class=\"gfield gfield--type-textarea field_sublabel_below gfield--no-description field_description_below gfield_visibility_visible\"  data-js-reload=\"field_32_2\"><label class='gfield_label gform-field-label' for='input_32_2' >Poziadavka<\/label><div class='ginput_container ginput_container_textarea'><textarea name='input_2' id='input_32_2' class='textarea medium'      aria-invalid=\"false\"   rows='10' cols='50'><\/textarea><\/div><\/li><li id=\"field_32_7\"  class=\"gfield gfield--type-fileupload field_sublabel_below gfield--has-description field_description_below gfield_visibility_visible\"  data-js-reload=\"field_32_7\"><label class='gfield_label gform-field-label' for='gform_browse_button_32_7' >Materialy potrebne k poziadavke<\/label><div class='ginput_container ginput_container_fileupload'><div id='gform_multifile_upload_32_7' data-settings='{&quot;runtimes&quot;:&quot;html5,flash,html4&quot;,&quot;browse_button&quot;:&quot;gform_browse_button_32_7&quot;,&quot;container&quot;:&quot;gform_multifile_upload_32_7&quot;,&quot;drop_element&quot;:&quot;gform_drag_drop_area_32_7&quot;,&quot;filelist&quot;:&quot;gform_preview_32_7&quot;,&quot;unique_names&quot;:true,&quot;file_data_name&quot;:&quot;file&quot;,&quot;url&quot;:&quot;https:\\\/\\\/szslucnalc.sk\\\/?gf_page=c8a50c5f3428bba&quot;,&quot;flash_swf_url&quot;:&quot;https:\\\/\\\/szslucnalc.sk\\\/wp-includes\\\/js\\\/plupload\\\/plupload.flash.swf&quot;,&quot;silverlight_xap_url&quot;:&quot;https:\\\/\\\/szslucnalc.sk\\\/wp-includes\\\/js\\\/plupload\\\/plupload.silverlight.xap&quot;,&quot;filters&quot;:{&quot;mime_types&quot;:[{&quot;title&quot;:&quot;Povolen\\u00e9 s\\u00fabory&quot;,&quot;extensions&quot;:&quot;*&quot;}],&quot;max_file_size&quot;:&quot;268435456b&quot;},&quot;multipart&quot;:true,&quot;urlstream_upload&quot;:false,&quot;multipart_params&quot;:{&quot;form_id&quot;:32,&quot;field_id&quot;:7},&quot;gf_vars&quot;:{&quot;max_files&quot;:0,&quot;message_id&quot;:&quot;gform_multifile_messages_32_7&quot;,&quot;disallowed_extensions&quot;:[&quot;php&quot;,&quot;asp&quot;,&quot;aspx&quot;,&quot;cmd&quot;,&quot;csh&quot;,&quot;bat&quot;,&quot;html&quot;,&quot;htm&quot;,&quot;hta&quot;,&quot;jar&quot;,&quot;exe&quot;,&quot;com&quot;,&quot;js&quot;,&quot;lnk&quot;,&quot;htaccess&quot;,&quot;phtml&quot;,&quot;ps1&quot;,&quot;ps2&quot;,&quot;php3&quot;,&quot;php4&quot;,&quot;php5&quot;,&quot;php6&quot;,&quot;py&quot;,&quot;rb&quot;,&quot;tmp&quot;]}}' class='gform_fileupload_multifile'>\n\t\t\t\t\t\t\t\t\t\t<div id='gform_drag_drop_area_32_7' class='gform_drop_area gform-theme-field-control'>\n\t\t\t\t\t\t\t\t\t\t\t<span class='gform_drop_instructions'>Sem presu\u0148te s\u00fabory alebo <\/span>\n\t\t\t\t\t\t\t\t\t\t\t<button type='button' id='gform_browse_button_32_7' class='button gform_button_select_files' aria-describedby=\"gfield_upload_rules_32_7 gfield_description_32_7\"  >Vybra\u0165 s\u00fabory<\/button>\n\t\t\t\t\t\t\t\t\t\t<\/div>\n\t\t\t\t\t\t\t\t\t<\/div><span class='gfield_description gform_fileupload_rules' id='gfield_upload_rules_32_7'>Maxim\u00e1lna ve\u013ekos\u0165 s\u00faboru: 256 MB.<\/span><ul class='validation_message--hidden-on-empty gform-ul-reset' id='gform_multifile_messages_32_7'><\/ul> <!-- Leave <ul> empty to support CSS :empty selector. --><\/div><div id='gform_preview_32_7' class='ginput_preview_list'><\/div><div class='gfield_description' id='gfield_description_32_7'>mozete nahravat aj viac suborov naraz<\/div><\/li><li id=\"field_32_6\"  class=\"gfield gfield--type-date gfield--input-type-datepicker gfield--datepicker-no-icon field_sublabel_below gfield--no-description field_description_below gfield_visibility_hidden\"  data-js-reload=\"field_32_6\"><div class='admin-hidden-markup'><i class='gform-icon gform-icon--hidden'><\/i><span>Hidden<\/span><\/div><label class='gfield_label gform-field-label' for='input_32_6' >D\u00e1tum vybavenia<\/label><div class='ginput_container ginput_container_date'>\n                            <input name='input_6' id='input_32_6' type='text' value='' class='datepicker gform-datepicker mdy datepicker_no_icon gdatepicker-no-icon'   placeholder='dd.mm.yyyy' aria-describedby=\"input_32_6_date_format\" aria-invalid=\"false\" \/>\n                            <span id='input_32_6_date_format' class='screen-reader-text'>MM lomeno DD lomeno RRRR<\/span>\n                        <\/div>\n                        <input type='hidden' id='gforms_calendar_icon_input_32_6' class='gform_hidden' value='https:\/\/szslucnalc.sk\/wp-content\/plugins\/gravityforms\/images\/datepicker\/datepicker.svg'\/><\/li><li id=\"field_32_8\"  class=\"gfield gfield--type-honeypot gform_validation_container field_sublabel_below gfield--has-description field_description_below gfield_visibility_visible\"  data-js-reload=\"field_32_8\"><label class='gfield_label gform-field-label' for='input_32_8' >Email<\/label><div class='ginput_container'><input name='input_8' id='input_32_8' type='text' value='' autocomplete='new-password'\/><\/div><div class='gfield_description' id='gfield_description_32_8'>Toto pole sl\u00fa\u017ei na overenie a malo by zosta\u0165 nezmenen\u00e9.<\/div><\/li><\/ul><\/div>\n        <div class='gform_footer top_label'> <input type='submit' id='gform_submit_button_32' class='gform_button button' value='Odosla\u0165'  onclick='if(window[\"gf_submitting_32\"]){return false;}  if( !jQuery(\"#gform_32\")[0].checkValidity || jQuery(\"#gform_32\")[0].checkValidity()){window[\"gf_submitting_32\"]=true;}  ' onkeypress='if( event.keyCode == 13 ){ if(window[\"gf_submitting_32\"]){return false;} if( !jQuery(\"#gform_32\")[0].checkValidity || jQuery(\"#gform_32\")[0].checkValidity()){window[\"gf_submitting_32\"]=true;}  jQuery(\"#gform_32\").trigger(\"submit\",[true]); }' \/> \n            <input type='hidden' class='gform_hidden' name='is_submit_32' value='1' \/>\n            <input type='hidden' class='gform_hidden' name='gform_submit' value='32' \/>\n            \n            <input type='hidden' class='gform_hidden' name='gform_unique_id' value='' \/>\n            <input type='hidden' class='gform_hidden' name='state_32' value='WyJbXSIsIjM4YjQ4YTExMmQ2YTZhZjMxYzUzZWExM2Y1NTE2MWZmIl0=' \/>\n            <input type='hidden' class='gform_hidden' name='gform_target_page_number_32' id='gform_target_page_number_32' value='0' \/>\n            <input type='hidden' class='gform_hidden' name='gform_source_page_number_32' id='gform_source_page_number_32' value='1' \/>\n            <input type='hidden' name='gform_field_values' value='' \/>\n            <input type='hidden' name='gform_uploaded_files' id='gform_uploaded_files_32' value='' \/>\n        <\/div>\n                        <\/form>\n                        <\/div><script type=\"text\/javascript\">\n\/* <![CDATA[ *\/\n gform.initializeOnLoaded( function() {gformInitSpinner( 32, 'https:\/\/szslucnalc.sk\/wp-content\/plugins\/gravityforms\/images\/spinner.svg', true );jQuery('#gform_ajax_frame_32').on('load',function(){var contents = jQuery(this).contents().find('*').html();var is_postback = contents.indexOf('GF_AJAX_POSTBACK') >= 0;if(!is_postback){return;}var form_content = jQuery(this).contents().find('#gform_wrapper_32');var is_confirmation = jQuery(this).contents().find('#gform_confirmation_wrapper_32').length > 0;var is_redirect = contents.indexOf('gformRedirect(){') >= 0;var is_form = form_content.length > 0 && ! is_redirect && ! is_confirmation;var mt = parseInt(jQuery('html').css('margin-top'), 10) + parseInt(jQuery('body').css('margin-top'), 10) + 100;if(is_form){jQuery('#gform_wrapper_32').html(form_content.html());if(form_content.hasClass('gform_validation_error')){jQuery('#gform_wrapper_32').addClass('gform_validation_error');} else {jQuery('#gform_wrapper_32').removeClass('gform_validation_error');}setTimeout( function() { \/* delay the scroll by 50 milliseconds to fix a bug in chrome *\/  }, 50 );if(window['gformInitDatepicker']) {gformInitDatepicker();}if(window['gformInitPriceFields']) {gformInitPriceFields();}var current_page = jQuery('#gform_source_page_number_32').val();gformInitSpinner( 32, 'https:\/\/szslucnalc.sk\/wp-content\/plugins\/gravityforms\/images\/spinner.svg', true );jQuery(document).trigger('gform_page_loaded', [32, current_page]);window['gf_submitting_32'] = false;}else if(!is_redirect){var confirmation_content = jQuery(this).contents().find('.GF_AJAX_POSTBACK').html();if(!confirmation_content){confirmation_content = contents;}setTimeout(function(){jQuery('#gform_wrapper_32').replaceWith(confirmation_content);jQuery(document).trigger('gform_confirmation_loaded', [32]);window['gf_submitting_32'] = false;wp.a11y.speak(jQuery('#gform_confirmation_message_32').text());}, 50);}else{jQuery('#gform_32').append(contents);if(window['gformRedirect']) {gformRedirect();}}jQuery(document).trigger('gform_post_render', [32, current_page]);} );} ); \n\/* ]]> *\/\n<\/script>\n\n\n<p>[directory form=&#8220;32&#8243;]<\/p>\n","protected":false},"excerpt":{"rendered":"","protected":false},"author":2,"featured_media":0,"parent":0,"menu_order":0,"comment_status":"closed","ping_status":"closed","template":"","meta":{"footnotes":""},"class_list":["post-12232","page","type-page","status-publish","hentry"],"aioseo_notices":[],"_links":{"self":[{"href":"https:\/\/szslucnalc.sk\/index.php?rest_route=\/wp\/v2\/pages\/12232","targetHints":{"allow":["GET"]}}],"collection":[{"href":"https:\/\/szslucnalc.sk\/index.php?rest_route=\/wp\/v2\/pages"}],"about":[{"href":"https:\/\/szslucnalc.sk\/index.php?rest_route=\/wp\/v2\/types\/page"}],"author":[{"embeddable":true,"href":"https:\/\/szslucnalc.sk\/index.php?rest_route=\/wp\/v2\/users\/2"}],"replies":[{"embeddable":true,"href":"https:\/\/szslucnalc.sk\/index.php?rest_route=%2Fwp%2Fv2%2Fcomments&post=12232"}],"version-history":[{"count":15,"href":"https:\/\/szslucnalc.sk\/index.php?rest_route=\/wp\/v2\/pages\/12232\/revisions"}],"predecessor-version":[{"id":12262,"href":"https:\/\/szslucnalc.sk\/index.php?rest_route=\/wp\/v2\/pages\/12232\/revisions\/12262"}],"wp:attachment":[{"href":"https:\/\/szslucnalc.sk\/index.php?rest_route=%2Fwp%2Fv2%2Fmedia&parent=12232"}],"curies":[{"name":"wp","href":"https:\/\/api.w.org\/{rel}","templated":true}]}}