{"id":6199,"date":"2019-04-01T07:51:23","date_gmt":"2019-04-01T05:51:23","guid":{"rendered":"https:\/\/szslucnalc.sk\/?page_id=6199"},"modified":"2023-06-28T13:01:23","modified_gmt":"2023-06-28T11:01:23","slug":"promovideo","status":"publish","type":"page","link":"https:\/\/szslucnalc.sk\/?page_id=6199","title":{"rendered":"PromoVideo"},"content":{"rendered":"\n<h2 class=\"wp-block-heading has-black-color has-text-color\">De\u0148 otvoren\u00fdch dver\u00ed<\/h2>\n\n\n\n<p>Pre z\u00e1ujemcov o \u0161t\u00fadium na na\u0161ej \u0161kole sme op\u00e4\u0165 pripravili (pripravujeme) prehliadku na\u0161ej \u0161koly prezen\u010dne. Radi v\u00e1s u n\u00e1s priv\u00edtame od \u00f4smej do \u0161trn\u00e1stej hodiny.  Na \u010do sa m\u00f4\u017eete te\u0161i\u0165? &#8211; <\/p>\n\n\n\n<ul class=\"wp-block-list\">\n<li>uk\u00e1\u017eky vyu\u010dovania prvej pomoci (z\u00e1chrana \u013eudsk\u00e9ho \u017eivota, pou\u017eitie defibril\u00e1tora &#8230;.)<\/li>\n\n\n\n<li>uk\u00e1\u017eky vyu\u010dovania odborn\u00fdch predmetov &#8211; s\u00e1drovanie zlomenej ruky, odbery krvi, injekcie  &#8230;<\/li>\n\n\n\n<li>uk\u00e1\u017eky vyu\u010dovania ch\u00e9mie v laborat\u00f3riu &#8211; pokusy s oh\u0148om &#8230;<\/li>\n\n\n\n<li>meranie fyziologick\u00fdch funkci\u00ed, vy\u0161etrenia krvi<\/li>\n<\/ul>\n\n\n\n<p>Nev\u00e1hajte a pr\u00ed\u010fte si pozrie\u0165 najkraj\u0161iu \u0161kolu, m\u00e1te sa na \u010do te\u0161i\u0165. \u010cak\u00e1 v\u00e1s  &#8230;. prekvapenie.<\/p>\n","protected":false},"excerpt":{"rendered":"<p>De&#328; otvoren&yacute;ch dver&iacute; Pre z&aacute;ujemcov o &scaron;t&uacute;dium na na&scaron;ej &scaron;kole sme op&auml;&#357; pripravili (pripravujeme) prehliadku na&scaron;ej &scaron;koly prezen&#269;ne. Radi v&aacute;s u n&aacute;s priv&iacute;tame od &ocirc;smej do<span class=\"excerpt-hellip\"> [\u2026]<\/span><\/p>\n","protected":false},"author":2,"featured_media":0,"parent":0,"menu_order":0,"comment_status":"closed","ping_status":"closed","template":"","meta":{"footnotes":""},"class_list":["post-6199","page","type-page","status-publish","hentry"],"aioseo_notices":[],"_links":{"self":[{"href":"https:\/\/szslucnalc.sk\/index.php?rest_route=\/wp\/v2\/pages\/6199","targetHints":{"allow":["GET"]}}],"collection":[{"href":"https:\/\/szslucnalc.sk\/index.php?rest_route=\/wp\/v2\/pages"}],"about":[{"href":"https:\/\/szslucnalc.sk\/index.php?rest_route=\/wp\/v2\/types\/page"}],"author":[{"embeddable":true,"href":"https:\/\/szslucnalc.sk\/index.php?rest_route=\/wp\/v2\/users\/2"}],"replies":[{"embeddable":true,"href":"https:\/\/szslucnalc.sk\/index.php?rest_route=%2Fwp%2Fv2%2Fcomments&post=6199"}],"version-history":[{"count":5,"href":"https:\/\/szslucnalc.sk\/index.php?rest_route=\/wp\/v2\/pages\/6199\/revisions"}],"predecessor-version":[{"id":21887,"href":"https:\/\/szslucnalc.sk\/index.php?rest_route=\/wp\/v2\/pages\/6199\/revisions\/21887"}],"wp:attachment":[{"href":"https:\/\/szslucnalc.sk\/index.php?rest_route=%2Fwp%2Fv2%2Fmedia&parent=6199"}],"curies":[{"name":"wp","href":"https:\/\/api.w.org\/{rel}","templated":true}]}}