{"id":9429,"date":"2019-12-12T10:55:10","date_gmt":"2019-12-12T09:55:10","guid":{"rendered":"https:\/\/szslucnalc.sk\/?page_id=9429"},"modified":"2024-04-03T11:56:00","modified_gmt":"2024-04-03T09:56:00","slug":"nadacia-orange","status":"publish","type":"page","link":"https:\/\/szslucnalc.sk\/?page_id=9429","title":{"rendered":"Nad\u00e1cia Orange"},"content":{"rendered":"\n<h2 class=\"wp-block-heading\">Nad\u00e1cia Orange<\/h2>\n\n\n\n<p><strong><a href=\"https:\/\/www.nadaciaorange.sk\/darujte-vianoce\/\" target=\"_blank\" rel=\"noopener\" title=\"\">Grantov\u00fd program Darujte Vianoce<\/a><\/strong>\u00a0v\u00fdrazne podporoval princ\u00edp individu\u00e1lnej filantropie a ob\u010dianskej anga\u017eovanosti. Motivoval ochotn\u00fdch a akt\u00edvnych \u013eud\u00ed, aby si v\u0161\u00edmali \u0165a\u017ek\u00e9 osudy \u013eud\u00ed vo svojom okol\u00ed a podie\u013eali sa na zmiernen\u00ed ich situ\u00e1cie.<\/p>\n\n\n\n<p>\u017diadatelia v \u0148om ne\u017eiadali o podporu a pomoc pre seba, ale pre niekoho in\u00e9ho. Program \u013eud\u00ed motivoval, aby sa obzerali okolo seba, v\u0161\u00edmali si potreby in\u00fdch, podelili sa a prispeli svoj\u00edm k\u00faskom na zmiernenie ich ne\u013eahkej situ\u00e1cie.<\/p>\n\n\n\n<figure class=\"wp-block-image size-full is-resized\"><a href=\"https:\/\/www.nadaciaorange.sk\/wp-content\/uploads\/2021\/05\/Darujte-Vianoce-2019.pdf\" target=\"_blank\" rel=\"noreferrer noopener\"><img loading=\"lazy\" decoding=\"async\" width=\"310\" height=\"163\" src=\"https:\/\/szslucnalc.sk\/wp-content\/uploads\/2019\/12\/index.png\" alt=\"\" class=\"wp-image-9539\" style=\"aspect-ratio:1.901840490797546;width:315px;height:auto\" srcset=\"https:\/\/szslucnalc.sk\/wp-content\/uploads\/2019\/12\/index.png 310w, https:\/\/szslucnalc.sk\/wp-content\/uploads\/2019\/12\/index-300x158.png 300w, https:\/\/szslucnalc.sk\/wp-content\/uploads\/2019\/12\/index-260x137.png 260w, https:\/\/szslucnalc.sk\/wp-content\/uploads\/2019\/12\/index-50x26.png 50w, https:\/\/szslucnalc.sk\/wp-content\/uploads\/2019\/12\/index-143x75.png 143w\" sizes=\"auto, (max-width:767px) 310px, 310px\" \/><\/a><\/figure>\n\n\n\n<div class=\"wp-block-columns is-layout-flex wp-container-core-columns-is-layout-9d6595d7 wp-block-columns-is-layout-flex\">\n<div class=\"wp-block-column is-layout-flow wp-block-column-is-layout-flow\" style=\"flex-basis:50%\">\n<figure class=\"wp-block-embed is-type-wp-embed is-provider-stredna-zdravotnicka-skola-lucenec wp-block-embed-stredna-zdravotnicka-skola-lucenec\"><div class=\"wp-block-embed__wrapper\">\n<blockquote class=\"wp-embedded-content\" data-secret=\"4Y8zg7ALhd\"><a href=\"https:\/\/szslucnalc.sk\/?p=9488\">Kde pochop\u00ed\u0161 zmysel Vianoc ?<\/a><\/blockquote><iframe loading=\"lazy\" class=\"wp-embedded-content\" sandbox=\"allow-scripts\" security=\"restricted\" style=\"position: absolute; clip: rect(1px, 1px, 1px, 1px);\" title=\"&#8220;Kde pochop\u00ed\u0161 zmysel Vianoc ?&#8221; &#8212; Stredn\u00e1 zdravotn\u00edcka \u0161kola Lu\u010denec\" src=\"https:\/\/szslucnalc.sk\/?p=9488&#038;embed=true#?secret=mQR9VAa9ED#?secret=4Y8zg7ALhd\" data-secret=\"4Y8zg7ALhd\" width=\"600\" height=\"338\" frameborder=\"0\" marginwidth=\"0\" marginheight=\"0\" scrolling=\"no\"><\/iframe>\n<\/div><\/figure>\n<\/div>\n\n\n\n<div class=\"wp-block-column is-layout-flow wp-block-column-is-layout-flow\" style=\"flex-basis:50%\">\n<figure class=\"wp-block-embed is-type-wp-embed is-provider-stredna-zdravotnicka-skola-lucenec wp-block-embed-stredna-zdravotnicka-skola-lucenec\"><div class=\"wp-block-embed__wrapper\">\n<blockquote class=\"wp-embedded-content\" data-secret=\"qqFSPRyH33\"><a href=\"https:\/\/szslucnalc.sk\/?p=9491\">Viano\u010dn\u00e1 n\u00e1v\u0161teva v nemocnici<\/a><\/blockquote><iframe loading=\"lazy\" class=\"wp-embedded-content\" sandbox=\"allow-scripts\" security=\"restricted\" style=\"position: absolute; clip: rect(1px, 1px, 1px, 1px);\" title=\"&#8220;Viano\u010dn\u00e1 n\u00e1v\u0161teva v nemocnici&#8221; &#8212; Stredn\u00e1 zdravotn\u00edcka \u0161kola Lu\u010denec\" src=\"https:\/\/szslucnalc.sk\/?p=9491&#038;embed=true#?secret=sQY1rGZkkP#?secret=qqFSPRyH33\" data-secret=\"qqFSPRyH33\" width=\"600\" height=\"338\" frameborder=\"0\" marginwidth=\"0\" marginheight=\"0\" scrolling=\"no\"><\/iframe>\n<\/div><\/figure>\n<\/div>\n<\/div>\n\n\n\n<p><a href=\"https:\/\/www.nadaciaorange.sk\/wp-content\/uploads\/2021\/05\/Darujte-Vianoce-2019.pdf\" target=\"_blank\" rel=\"noopener\" title=\"\">https:\/\/www.nadaciaorange.sk\/wp-content\/uploads\/2021\/05\/Darujte-Vianoce-2019.pdf<\/a><br><br><a href=\"https:\/\/www.nadaciaorange.sk\/sk\/darujte-vianoce\/\" target=\"_blank\" rel=\"noopener\" title=\"\">https:\/\/www.nadaciaorange.sk\/sk\/darujte-vianoce\/<\/a><\/p>\n","protected":false},"excerpt":{"rendered":"<p>Nad&aacute;cia Orange Grantov&yacute; program Darujte Vianoce&nbsp;v&yacute;razne podporoval princ&iacute;p individu&aacute;lnej filantropie a ob&#269;ianskej anga&#382;ovanosti. Motivoval ochotn&yacute;ch a akt&iacute;vnych &#318;ud&iacute;, aby si v&scaron;&iacute;mali &#357;a&#382;k&eacute; osudy &#318;ud&iacute; vo svojom<span class=\"excerpt-hellip\"> [\u2026]<\/span><\/p>\n","protected":false},"author":2,"featured_media":0,"parent":0,"menu_order":0,"comment_status":"closed","ping_status":"closed","template":"","meta":{"footnotes":""},"class_list":["post-9429","page","type-page","status-publish","hentry"],"aioseo_notices":[],"_links":{"self":[{"href":"https:\/\/szslucnalc.sk\/index.php?rest_route=\/wp\/v2\/pages\/9429","targetHints":{"allow":["GET"]}}],"collection":[{"href":"https:\/\/szslucnalc.sk\/index.php?rest_route=\/wp\/v2\/pages"}],"about":[{"href":"https:\/\/szslucnalc.sk\/index.php?rest_route=\/wp\/v2\/types\/page"}],"author":[{"embeddable":true,"href":"https:\/\/szslucnalc.sk\/index.php?rest_route=\/wp\/v2\/users\/2"}],"replies":[{"embeddable":true,"href":"https:\/\/szslucnalc.sk\/index.php?rest_route=%2Fwp%2Fv2%2Fcomments&post=9429"}],"version-history":[{"count":5,"href":"https:\/\/szslucnalc.sk\/index.php?rest_route=\/wp\/v2\/pages\/9429\/revisions"}],"predecessor-version":[{"id":25126,"href":"https:\/\/szslucnalc.sk\/index.php?rest_route=\/wp\/v2\/pages\/9429\/revisions\/25126"}],"wp:attachment":[{"href":"https:\/\/szslucnalc.sk\/index.php?rest_route=%2Fwp%2Fv2%2Fmedia&parent=9429"}],"curies":[{"name":"wp","href":"https:\/\/api.w.org\/{rel}","templated":true}]}}